{"id":29,"date":"2025-02-02T17:40:06","date_gmt":"2025-02-02T16:40:06","guid":{"rendered":"https:\/\/takistudio.fr\/TakiStudio\/?page_id=29"},"modified":"2025-12-22T14:57:51","modified_gmt":"2025-12-22T13:57:51","slug":"contact","status":"publish","type":"page","link":"https:\/\/takistudio.fr\/TakiStudio\/index.php\/contact\/","title":{"rendered":"Contact"},"content":{"rendered":"\t\t<div data-elementor-type=\"wp-page\" data-elementor-id=\"29\" class=\"elementor elementor-29\" data-elementor-post-type=\"page\">\n\t\t\t\t<div class=\"elementor-element elementor-element-28b014c e-flex e-con-boxed e-con e-parent\" data-id=\"28b014c\" data-element_type=\"container\">\n\t\t\t\t\t<div class=\"e-con-inner\">\n\t\t\t\t<div class=\"elementor-element elementor-element-26aa9b2 elementor-widget elementor-widget-html\" data-id=\"26aa9b2\" data-element_type=\"widget\" data-widget_type=\"html.default\">\n\t\t\t\t<div class=\"elementor-widget-container\">\n\t\t\t\t\t<!-- Calendly inline embed -->\r\n<div class=\"calendly-inline-wrap\">\r\n  <div class=\"calendly-inline-widget\"\r\n       data-url=\"https:\/\/calendly.com\/taki-thephotographe\/30min\"\r\n       style=\"min-width:320px;height:740px;\"><\/div>\r\n<\/div>\r\n<script type=\"text\/javascript\" src=\"https:\/\/assets.calendly.com\/assets\/external\/widget.js\" async><\/script>\r\n\r\n<style>\r\n\/* Optionnel : int\u00e9gration jolie dans ta charte *\/\r\n.calendly-inline-wrap{\r\n  border:1px solid #E4D7C4;\r\n  border-radius:18px;\r\n  box-shadow:0 16px 40px rgba(0,0,0,.06);\r\n  overflow:hidden;\r\n  background:#fff;\r\n}\r\n<\/style>\r\n\t\t\t\t<\/div>\n\t\t\t\t<\/div>\n\t\t\t\t\t<\/div>\n\t\t\t\t<\/div>\n\t\t<div class=\"elementor-element elementor-element-c4081ee e-flex e-con-boxed e-con e-parent\" data-id=\"c4081ee\" data-element_type=\"container\">\n\t\t\t\t\t<div class=\"e-con-inner\">\n\t\t<div class=\"elementor-element elementor-element-6561935 e-con-full e-flex e-con e-child\" data-id=\"6561935\" data-element_type=\"container\">\n\t\t\t\t<div class=\"elementor-element elementor-element-3ae3d9e elementor-widget elementor-widget-html\" data-id=\"3ae3d9e\" data-element_type=\"widget\" data-widget_type=\"html.default\">\n\t\t\t\t<div class=\"elementor-widget-container\">\n\t\t\t\t\t<style>\r\n:root{\r\n  --c-brown:#88694D;\r\n  --c-beige:#E9E0CF;\r\n  --c-taupe:#BAA590;\r\n  --c-white:#FFFFFF;\r\n}\r\n\r\n.ts-coords{\r\n  background:var(--c-beige);\r\n  border-top:1px solid var(--c-taupe);\r\n}\r\n\r\n.ts-coords__wrap{\r\n  max-width:1200px;\r\n  margin:0 auto;\r\n  padding:42px 22px;\r\n}\r\n\r\n.ts-coords__head{\r\n  padding-bottom:16px;\r\n  border-bottom:1px solid rgba(186,165,144,.75);\r\n  margin-bottom:16px;\r\n}\r\n\r\n.ts-coords__title{\r\n  margin:0;\r\n  font-weight:900;\r\n  color:var(--c-brown);\r\n  text-transform:uppercase;\r\n  letter-spacing:.02em;\r\n  font-size:clamp(20px, 2.2vw, 28px);\r\n  line-height:1.1;\r\n}\r\n\r\n.ts-coords__sub{\r\n  margin:10px 0 0;\r\n  color:rgba(136,105,77,.88);\r\n  line-height:1.55;\r\n  max-width:80ch;\r\n}\r\n\r\n.ts-coords__grid{\r\n  display:grid;\r\n  grid-template-columns: 1fr 1fr;\r\n  gap:16px;\r\n}\r\n\r\n\/* Cards *\/\r\n.ts-card{\r\n  background:rgba(255,255,255,.92);\r\n  border:1px solid var(--c-taupe);\r\n  padding:18px;\r\n}\r\n\r\n.ts-card__ttl{\r\n  margin:0 0 10px;\r\n  font-weight:900;\r\n  letter-spacing:.08em;\r\n  text-transform:uppercase;\r\n  font-size:12px;\r\n  color:rgba(136,105,77,.88);\r\n  border-bottom:1px solid rgba(186,165,144,.75);\r\n  padding-bottom:10px;\r\n}\r\n\r\n.ts-line{\r\n  margin:12px 0 0;\r\n  color:rgba(136,105,77,.90);\r\n  line-height:1.5;\r\n}\r\n\r\n.ts-line strong{\r\n  color:rgba(136,105,77,.95);\r\n}\r\n\r\n.ts-link{\r\n  color:var(--c-brown);\r\n  font-weight:900;\r\n  text-decoration:none;\r\n  border-bottom:1px solid rgba(136,105,77,.35);\r\n}\r\n.ts-link:hover{\r\n  border-bottom-color:rgba(136,105,77,.75);\r\n}\r\n\r\n\/* Buttons *\/\r\n.ts-btns{\r\n  display:flex;\r\n  gap:10px;\r\n  flex-wrap:wrap;\r\n  margin-top:14px;\r\n}\r\n\r\n.ts-btn{\r\n  display:inline-flex;\r\n  align-items:center;\r\n  justify-content:center;\r\n  padding:12px 14px;\r\n  font-weight:900;\r\n  text-decoration:none;\r\n  border:1px solid var(--c-brown);\r\n  background:var(--c-white);\r\n  color:var(--c-brown);\r\n  transition:transform .15s ease, background .15s ease;\r\n  white-space:nowrap;\r\n}\r\n.ts-btn:hover{\r\n  transform:translateY(-1px);\r\n  background:rgba(233,224,207,.90);\r\n}\r\n\r\n.ts-btn--primary{\r\n  background:var(--c-brown);\r\n  color:var(--c-white);\r\n}\r\n.ts-btn--primary:hover{\r\n  background:rgba(136,105,77,.88);\r\n}\r\n\r\n\/* Small note *\/\r\n.ts-note{\r\n  margin-top:16px;\r\n  background:rgba(255,255,255,.92);\r\n  border:1px solid var(--c-taupe);\r\n  padding:16px;\r\n  color:rgba(136,105,77,.90);\r\n  line-height:1.55;\r\n}\r\n\r\n@media (max-width:980px){\r\n  .ts-coords__grid{ grid-template-columns:1fr; }\r\n}\r\n<\/style>\r\n\r\n<section class=\"ts-coords\" id=\"coordonnees\">\r\n  <div class=\"ts-coords__wrap\">\r\n\r\n    <div class=\"ts-coords__head\">\r\n      <h2 class=\"ts-coords__title\">Coordonn\u00e9es<\/h2>\r\n      <p class=\"ts-coords__sub\">\r\n        Tu peux me contacter directement, ou r\u00e9server via le calendrier. R\u00e9ponse sous 24\u201348h.\r\n      <\/p>\r\n    <\/div>\r\n\r\n    <div class=\"ts-coords__grid\">\r\n      <!-- Card 1 -->\r\n      <div class=\"ts-card\">\r\n        <p class=\"ts-card__ttl\">Contact direct<\/p>\r\n\r\n        <p class=\"ts-line\"><strong>Email :<\/strong>\r\n          <a class=\"ts-link\" href=\"mailto:tonmail@domaine.com\">taki.thephotographe@gmail.com<\/a>\r\n        <\/p>\r\n\r\n        <p class=\"ts-line\"><strong>T\u00e9l\u00e9phone :<\/strong>\r\n          <a class=\"ts-link\" href=\"tel:+33XXXXXXXXX\">+33 7 79 57 04 63<\/a>\r\n        <\/p>\r\n\r\n        <p class=\"ts-line\"><strong>Instagram :<\/strong>\r\n          <a class=\"ts-link\" href=\"TON_LIEN_INSTAGRAM\" target=\"_blank\" rel=\"noopener\">@takistudio<\/a>\r\n        <\/p>\r\n\r\n        <div class=\"ts-btns\">\r\n          <a class=\"ts-btn ts-btn--primary\" href=\"mailto:tonmail@domaine.com?subject=Demande%20de%20devis%20-%20Taki%20Studio&body=Pack%20:%0ADate%20:%0AVille%20:%0AObjectif%20:%0ADetails%20:%0A\">Demande rapide<\/a>\r\n          <a class=\"ts-btn\" href=\"\/portfolio\/\">Voir le portfolio<\/a>\r\n        <\/div>\r\n      <\/div>\r\n\r\n      <!-- Card 2 -->\r\n      <div class=\"ts-card\">\r\n        <p class=\"ts-card__ttl\">Infos utiles<\/p>\r\n\r\n        <p class=\"ts-line\"><strong>Zone :<\/strong> Orl\u00e9ans & Centre-Val de Loire<\/p>\r\n        <p class=\"ts-line\"><strong>R\u00e9ponse :<\/strong> 24\u201348h<\/p>\r\n        <p class=\"ts-line\"><strong>Livraison :<\/strong> 48\u201372h selon projet<\/p>\r\n\r\n        <p class=\"ts-line\"><strong>Packs :<\/strong> Mariage \u2022 Couple \u2022 Sport \u2022 \u00c9v\u00e9nementiel<\/p>\r\n\r\n        <div class=\"ts-btns\">\r\n          <a class=\"ts-btn\" href=\"\/#packs\">Voir les packs<\/a>\r\n          <a class=\"ts-btn\" href=\"TON_LIEN_ZOOM\" target=\"_blank\" rel=\"noopener\">Zoom<\/a>\r\n        <\/div>\r\n      <\/div>\r\n    <\/div>\r\n\r\n    <div class=\"ts-note\">\r\n      <strong>Pour gagner du temps :<\/strong> indique dans ton message le <strong>pack<\/strong>, la <strong>date<\/strong>, la <strong>ville<\/strong> et l\u2019<strong>objectif<\/strong>.\r\n      Je te r\u00e9ponds avec une proposition claire.\r\n    <\/div>\r\n\r\n  <\/div>\r\n<\/section>\r\n\t\t\t\t<\/div>\n\t\t\t\t<\/div>\n\t\t\t\t<\/div>\n\t\t\t\t\t<\/div>\n\t\t\t\t<\/div>\n\t\t\t\t<\/div>\n\t\t","protected":false},"excerpt":{"rendered":"<p>Coordonn\u00e9es Tu peux me contacter directement, ou r\u00e9server via le calendrier. R\u00e9ponse sous 24\u201348h. Contact direct Email : taki.thephotographe@gmail.com T\u00e9l\u00e9phone : +33 7 79 57 04 63 Instagram : @takistudio Demande rapide Voir le portfolio Infos utiles Zone : Orl\u00e9ans &#038; Centre-Val de Loire R\u00e9ponse : 24\u201348h Livraison : 48\u201372h selon projet Packs : Mariage [&hellip;]<\/p>\n","protected":false},"author":1,"featured_media":0,"parent":0,"menu_order":0,"comment_status":"closed","ping_status":"closed","template":"","meta":{"footnotes":""},"class_list":["post-29","page","type-page","status-publish","hentry"],"yoast_head":"<!-- This site is optimized with the Yoast SEO plugin v26.6 - https:\/\/yoast.com\/wordpress\/plugins\/seo\/ -->\n<title>Contactez Taki Studio | Photographe &amp; Vid\u00e9aste<\/title>\n<meta name=\"description\" content=\"Besoin d\u2019un photographe ou vid\u00e9aste ? Contactez Taki Studio pour discuter de votre projet et obtenir un devis personnalis\u00e9.\" \/>\n<meta name=\"robots\" content=\"index, follow, max-snippet:-1, max-image-preview:large, max-video-preview:-1\" \/>\n<link rel=\"canonical\" href=\"https:\/\/takistudio.fr\/TakiStudio\/index.php\/contact\/\" \/>\n<meta property=\"og:locale\" content=\"en_US\" \/>\n<meta property=\"og:type\" content=\"article\" \/>\n<meta property=\"og:title\" content=\"Contactez Taki Studio | Photographe &amp; Vid\u00e9aste\" \/>\n<meta property=\"og:description\" content=\"Besoin d\u2019un photographe ou vid\u00e9aste ? Contactez Taki Studio pour discuter de votre projet et obtenir un devis personnalis\u00e9.\" \/>\n<meta property=\"og:url\" content=\"https:\/\/takistudio.fr\/TakiStudio\/index.php\/contact\/\" \/>\n<meta property=\"og:site_name\" content=\"Taki Studio\" \/>\n<meta property=\"article:modified_time\" content=\"2025-12-22T13:57:51+00:00\" \/>\n<meta name=\"twitter:card\" content=\"summary_large_image\" \/>\n<meta name=\"twitter:label1\" content=\"Est. reading time\" \/>\n\t<meta name=\"twitter:data1\" content=\"1 minute\" \/>\n<script type=\"application\/ld+json\" class=\"yoast-schema-graph\">{\"@context\":\"https:\/\/schema.org\",\"@graph\":[{\"@type\":\"WebPage\",\"@id\":\"https:\/\/takistudio.fr\/TakiStudio\/index.php\/contact\/\",\"url\":\"https:\/\/takistudio.fr\/TakiStudio\/index.php\/contact\/\",\"name\":\"Contactez Taki Studio | Photographe & Vid\u00e9aste\",\"isPartOf\":{\"@id\":\"https:\/\/takistudio.fr\/TakiStudio\/#website\"},\"datePublished\":\"2025-02-02T16:40:06+00:00\",\"dateModified\":\"2025-12-22T13:57:51+00:00\",\"description\":\"Besoin d\u2019un photographe ou vid\u00e9aste ? Contactez Taki Studio pour discuter de votre projet et obtenir un devis personnalis\u00e9.\",\"breadcrumb\":{\"@id\":\"https:\/\/takistudio.fr\/TakiStudio\/index.php\/contact\/#breadcrumb\"},\"inLanguage\":\"en-US\",\"potentialAction\":[{\"@type\":\"ReadAction\",\"target\":[\"https:\/\/takistudio.fr\/TakiStudio\/index.php\/contact\/\"]}]},{\"@type\":\"BreadcrumbList\",\"@id\":\"https:\/\/takistudio.fr\/TakiStudio\/index.php\/contact\/#breadcrumb\",\"itemListElement\":[{\"@type\":\"ListItem\",\"position\":1,\"name\":\"Accueil\",\"item\":\"https:\/\/takistudio.fr\/TakiStudio\/\"},{\"@type\":\"ListItem\",\"position\":2,\"name\":\"Contact\"}]},{\"@type\":\"WebSite\",\"@id\":\"https:\/\/takistudio.fr\/TakiStudio\/#website\",\"url\":\"https:\/\/takistudio.fr\/TakiStudio\/\",\"name\":\"Taki Studio\",\"description\":\"Un site utilisant WordPress\",\"publisher\":{\"@id\":\"https:\/\/takistudio.fr\/TakiStudio\/#\/schema\/person\/a6a609a042a3198a0296f22184a4acf9\"},\"potentialAction\":[{\"@type\":\"SearchAction\",\"target\":{\"@type\":\"EntryPoint\",\"urlTemplate\":\"https:\/\/takistudio.fr\/TakiStudio\/?s={search_term_string}\"},\"query-input\":{\"@type\":\"PropertyValueSpecification\",\"valueRequired\":true,\"valueName\":\"search_term_string\"}}],\"inLanguage\":\"en-US\"},{\"@type\":[\"Person\",\"Organization\"],\"@id\":\"https:\/\/takistudio.fr\/TakiStudio\/#\/schema\/person\/a6a609a042a3198a0296f22184a4acf9\",\"name\":\"Taki\",\"image\":{\"@type\":\"ImageObject\",\"inLanguage\":\"en-US\",\"@id\":\"https:\/\/takistudio.fr\/TakiStudio\/#\/schema\/person\/image\/\",\"url\":\"https:\/\/takistudio.fr\/TakiStudio\/wp-content\/uploads\/2025\/02\/cropped-Black-and-White-Photography-Logo-2.png\",\"contentUrl\":\"https:\/\/takistudio.fr\/TakiStudio\/wp-content\/uploads\/2025\/02\/cropped-Black-and-White-Photography-Logo-2.png\",\"width\":144,\"height\":124,\"caption\":\"Taki\"},\"logo\":{\"@id\":\"https:\/\/takistudio.fr\/TakiStudio\/#\/schema\/person\/image\/\"},\"sameAs\":[\"http:\/\/takistudio.fr\/TakiStudio\"]}]}<\/script>\n<!-- \/ Yoast SEO plugin. -->","yoast_head_json":{"title":"Contactez Taki Studio | Photographe & Vid\u00e9aste","description":"Besoin d\u2019un photographe ou vid\u00e9aste ? Contactez Taki Studio pour discuter de votre projet et obtenir un devis personnalis\u00e9.","robots":{"index":"index","follow":"follow","max-snippet":"max-snippet:-1","max-image-preview":"max-image-preview:large","max-video-preview":"max-video-preview:-1"},"canonical":"https:\/\/takistudio.fr\/TakiStudio\/index.php\/contact\/","og_locale":"en_US","og_type":"article","og_title":"Contactez Taki Studio | Photographe & Vid\u00e9aste","og_description":"Besoin d\u2019un photographe ou vid\u00e9aste ? Contactez Taki Studio pour discuter de votre projet et obtenir un devis personnalis\u00e9.","og_url":"https:\/\/takistudio.fr\/TakiStudio\/index.php\/contact\/","og_site_name":"Taki Studio","article_modified_time":"2025-12-22T13:57:51+00:00","twitter_card":"summary_large_image","twitter_misc":{"Est. reading time":"1 minute"},"schema":{"@context":"https:\/\/schema.org","@graph":[{"@type":"WebPage","@id":"https:\/\/takistudio.fr\/TakiStudio\/index.php\/contact\/","url":"https:\/\/takistudio.fr\/TakiStudio\/index.php\/contact\/","name":"Contactez Taki Studio | Photographe & Vid\u00e9aste","isPartOf":{"@id":"https:\/\/takistudio.fr\/TakiStudio\/#website"},"datePublished":"2025-02-02T16:40:06+00:00","dateModified":"2025-12-22T13:57:51+00:00","description":"Besoin d\u2019un photographe ou vid\u00e9aste ? Contactez Taki Studio pour discuter de votre projet et obtenir un devis personnalis\u00e9.","breadcrumb":{"@id":"https:\/\/takistudio.fr\/TakiStudio\/index.php\/contact\/#breadcrumb"},"inLanguage":"en-US","potentialAction":[{"@type":"ReadAction","target":["https:\/\/takistudio.fr\/TakiStudio\/index.php\/contact\/"]}]},{"@type":"BreadcrumbList","@id":"https:\/\/takistudio.fr\/TakiStudio\/index.php\/contact\/#breadcrumb","itemListElement":[{"@type":"ListItem","position":1,"name":"Accueil","item":"https:\/\/takistudio.fr\/TakiStudio\/"},{"@type":"ListItem","position":2,"name":"Contact"}]},{"@type":"WebSite","@id":"https:\/\/takistudio.fr\/TakiStudio\/#website","url":"https:\/\/takistudio.fr\/TakiStudio\/","name":"Taki Studio","description":"Un site utilisant WordPress","publisher":{"@id":"https:\/\/takistudio.fr\/TakiStudio\/#\/schema\/person\/a6a609a042a3198a0296f22184a4acf9"},"potentialAction":[{"@type":"SearchAction","target":{"@type":"EntryPoint","urlTemplate":"https:\/\/takistudio.fr\/TakiStudio\/?s={search_term_string}"},"query-input":{"@type":"PropertyValueSpecification","valueRequired":true,"valueName":"search_term_string"}}],"inLanguage":"en-US"},{"@type":["Person","Organization"],"@id":"https:\/\/takistudio.fr\/TakiStudio\/#\/schema\/person\/a6a609a042a3198a0296f22184a4acf9","name":"Taki","image":{"@type":"ImageObject","inLanguage":"en-US","@id":"https:\/\/takistudio.fr\/TakiStudio\/#\/schema\/person\/image\/","url":"https:\/\/takistudio.fr\/TakiStudio\/wp-content\/uploads\/2025\/02\/cropped-Black-and-White-Photography-Logo-2.png","contentUrl":"https:\/\/takistudio.fr\/TakiStudio\/wp-content\/uploads\/2025\/02\/cropped-Black-and-White-Photography-Logo-2.png","width":144,"height":124,"caption":"Taki"},"logo":{"@id":"https:\/\/takistudio.fr\/TakiStudio\/#\/schema\/person\/image\/"},"sameAs":["http:\/\/takistudio.fr\/TakiStudio"]}]}},"_links":{"self":[{"href":"https:\/\/takistudio.fr\/TakiStudio\/index.php\/wp-json\/wp\/v2\/pages\/29","targetHints":{"allow":["GET"]}}],"collection":[{"href":"https:\/\/takistudio.fr\/TakiStudio\/index.php\/wp-json\/wp\/v2\/pages"}],"about":[{"href":"https:\/\/takistudio.fr\/TakiStudio\/index.php\/wp-json\/wp\/v2\/types\/page"}],"author":[{"embeddable":true,"href":"https:\/\/takistudio.fr\/TakiStudio\/index.php\/wp-json\/wp\/v2\/users\/1"}],"replies":[{"embeddable":true,"href":"https:\/\/takistudio.fr\/TakiStudio\/index.php\/wp-json\/wp\/v2\/comments?post=29"}],"version-history":[{"count":40,"href":"https:\/\/takistudio.fr\/TakiStudio\/index.php\/wp-json\/wp\/v2\/pages\/29\/revisions"}],"predecessor-version":[{"id":959,"href":"https:\/\/takistudio.fr\/TakiStudio\/index.php\/wp-json\/wp\/v2\/pages\/29\/revisions\/959"}],"wp:attachment":[{"href":"https:\/\/takistudio.fr\/TakiStudio\/index.php\/wp-json\/wp\/v2\/media?parent=29"}],"curies":[{"name":"wp","href":"https:\/\/api.w.org\/{rel}","templated":true}]}}